{"id":1521,"date":"2025-05-26T07:19:08","date_gmt":"2025-05-26T07:19:08","guid":{"rendered":"https:\/\/isaakisaak.com\/?page_id=1521"},"modified":"2025-11-02T18:01:05","modified_gmt":"2025-11-02T18:01:05","slug":"verksamhetsberattelse","status":"publish","type":"page","link":"https:\/\/isaakisaak.com\/index.php\/verksamhetsberattelse\/","title":{"rendered":"Stadgar"},"content":{"rendered":"\t\t<div data-elementor-type=\"wp-page\" data-elementor-id=\"1521\" class=\"elementor elementor-1521\" data-elementor-post-type=\"page\">\n\t\t\t\t<div class=\"elementor-element elementor-element-27de004f e-flex e-con-boxed e-con e-parent\" data-id=\"27de004f\" data-element_type=\"container\" id=\"stadgar\" data-settings=\"{&quot;background_background&quot;:&quot;classic&quot;}\">\n\t\t\t\t\t<div class=\"e-con-inner\">\n\t\t\t\t<div class=\"elementor-element elementor-element-7a2f2d08 elementor-widget elementor-widget-heading\" data-id=\"7a2f2d08\" data-element_type=\"widget\" data-widget_type=\"heading.default\">\n\t\t\t\t<div class=\"elementor-widget-container\">\n\t\t\t\t\t<h2 class=\"elementor-heading-title elementor-size-default\">Stadgar<\/h2>\t\t\t\t<\/div>\n\t\t\t\t<\/div>\n\t\t\t\t<div class=\"elementor-element elementor-element-7688272e elementor-widget elementor-widget-text-editor\" data-id=\"7688272e\" data-element_type=\"widget\" data-widget_type=\"text-editor.default\">\n\t\t\t\t<div class=\"elementor-widget-container\">\n\t\t\t\t\t\t\t\t\t<h6><b>1. Namn och Firma<\/b><\/h6><p>\u00a0\u00a0\u00a0\u00a0\u00a0Stiftelsens namn och firma \u00e4r Isaak &amp; Isaak Insamlingsstiftelse<\/p><h6><b>2. \u00c4ndam\u00e5l\u00a0\u00a0<\/b><\/h6><p>Stiftelsens \u00e4ndam\u00e5l \u00e4r st\u00f6dja de svenska medborgare vars anh\u00f6riga fallit offer f\u00f6r auktorit\u00e4ra regimers bristande respekt f\u00f6r de m\u00e4nskliga fri och r\u00e4ttigheterna igenom kidnappning, f\u00e4ngslande utan dom eller r\u00e4tteg\u00e5ng och\/eller f\u00f6rsvinnande.\u00a0<\/p><p>I f\u00f6rsta hand ska Stiftelsen bidra till ekonomisk kompensation och juridisk r\u00e5dgivning i f\u00f6rsta hand i de fall d\u00e4r de svenska myndigheterna har varit bristf\u00e4lliga till att kunna l\u00f6sa situationen.\u00a0<\/p><p>Stiftelsen ska arbeta f\u00f6r fr\u00e4mjandet av forskning samt datainsamling av de svenska medborgare som igenom \u00e5ren f\u00f6rsvunnit, kidnappats, eller or\u00e4ttvist f\u00e4ngslats under stater d\u00e4r bristande m\u00e4nskliga fri och r\u00e4ttigheter r\u00e5der och\/eller kidnappats, f\u00e4ngslats och f\u00f6rsvunnit p.g.a. utom statliga grupperingar som, paramilit\u00e4ra grupperingar, terrororganisationer, och rebellgrupper.\u00a0<\/p><p>Stiftelsen ska samarbeta med forskare, myndigheter och institutioner som arbetar med och f\u00f6r att s\u00e5dan forskning samt insamling av data skall fr\u00e4mjas.\u00a0<\/p><h6><b>3. Egendom<\/b><\/h6><p>Stiftelsen egendom best\u00e5r av det kapital som \u00f6verl\u00e4mnats till stiftelsen i samband med dess bildande och senare tillkomna g\u00e5vor och donationer. Stiftelsen ska ha r\u00e4tt att f\u00f6rvalta, \u00e4ga och f\u00f6rv\u00e4rva egendom f\u00f6r \u00e4ndam\u00e5lets uppfyllande.<\/p><h6><b>4. Styrelse\u00a0<\/b><\/h6><p><b>\u00a0<\/b>Stiftelsens angel\u00e4genheter ska handlas av en styrelse. Styrelsen ska best\u00e5 av 3-6 personer. \u00a0 Den f\u00f6rsta styrelsen utses av stiftarna f\u00f6r en period fram till 2027-01-01 och utg\u00f6rs av.<\/p><ul><li aria-level=\"1\">Esaias Isaak<\/li><li aria-level=\"1\">Betlehem Isaak<\/li><li aria-level=\"1\">Danait Isaak<\/li><\/ul><p>Styrelsen entledigar och utser efter 2027-01-01 sj\u00e4lv alla ledam\u00f6ter. Tv\u00e5 tredjedelar av styrelsen v\u00e4ljs vartannat \u00e5r enligt den process som styrelsen sj\u00e4lva har beslutat om, processen om hur det skall g\u00e5 till skall vara klart 90 dagar innan en del av den nya styrelsen v\u00e4ljs.<\/p><p>Mandatperioden f\u00f6r styrelsen \u00e4r tv\u00e5 \u00e5r, styrelseledam\u00f6ter kan omv\u00e4ljas. Ordf\u00f6rande f\u00e5r h\u00f6gst sitta i tv\u00e5 \u00e5r \u00e5t g\u00e5ngen men kan v\u00e4ljas om till ny ordf\u00f6rande om s\u00e5 styrelsen \u00f6nskar.<\/p><p>N\u00e4r och om styrelseledam\u00f6ter skulle avlida eller av annat sk\u00e4l v\u00e4ljer att avg\u00e5 ska \u00f6vriga ledam\u00f6ter utse en ers\u00e4ttare, den nya ledamoten utses f\u00f6r samma period som den som ers\u00e4tts.<\/p><p>Styrelsens sammantr\u00e4den ska om m\u00f6jligt \u00e4ga rum i G\u00f6teborg och i sista hand digitalt.\u00a0<\/p><h6><b>5. Arbetsutskott<\/b><\/h6><p>Styrelsen kan inom sig ut se en eller flera arbetsutskott och om m\u00f6jlighet finns till att kunna anst\u00e4lla agera arbetsgivare och att ordf\u00f6rande blir till chef samt arbetsledare.\u00a0 Person\/personer som anst\u00e4lls av stiftelsen och\/eller som uppdragstagare och ska inneha avtal.<\/p><h6><b>6. Verksamhetsplats<\/b><\/h6><p>Stiftelsen ska ha sitt s\u00e4te i G\u00f6teborg.<\/p><h6><b>7. Beslutsprocess<\/b><\/h6><p>\u00a0Beslut fattas med enkel majoritet. Ordf\u00f6randen har utslagsr\u00f6st vid lika r\u00f6stetal.<\/p><h6>\u00a0<\/h6><h6><b>8. R\u00e5dgivande organ<\/b><\/h6><p>Styrelsen kan och ska be om r\u00e5dgivning fr\u00e5n de myndigheter, organisationer samt intressegrupper som de finner \u00e4r l\u00e4mpliga f\u00f6r stiftelsens \u00e4ndam\u00e5l. Styrelsen har inlett samarbete med Amnesty Sverige, och skall \u00e4mna till att samarbeta med organisationer som\u00a0 FN, r\u00f6da korset och andra organisationer som jobbar f\u00f6r och mot samma \u00e4ndam\u00e5l.\u00a0<\/p><h6><b>9. R\u00e4kenskaper<\/b><\/h6><p>\u00a0Stiftelsens verksamhets\u00e5r \u00e4r kalender\u00e5r<\/p><h6><b>10. Protokoll<\/b><\/h6><p>\u00a0Vid styrelsesammantr\u00e4den ska protokoll f\u00f6ras. Protokoll skall justerad av ordf\u00f6rande samt av en styrelseledamot. Protokoll ska tillhandah\u00e5llas till av donationsgivare om s\u00e5 \u00f6nskas och f\u00f6rvaras p\u00e5 ett betryggande och s\u00e4kert s\u00e4tt.\u00a0<\/p><h6><b>11. Upprop\u00a0<\/b><\/h6><p>Stiftelsen kommer att g\u00f6ra ett upprop om bildande p\u00e5 sociala mediet Instagram.<\/p><h6><b>12. Arvorde<\/b><\/h6><p>Ett sk\u00e4ligt arvorde till styrelsens ledam\u00f6ter ska utg\u00e5 n\u00e4r och om styrelsen beslutar om det.<\/p><h6>\u00a0<\/h6><h6><b>13. Kostnader- f\u00f6rvaltning och administration<\/b><\/h6><p>\u00a0L\u00e4gsta m\u00f6jliga kostnader ska efterstr\u00e4vas f\u00f6r f\u00f6rvaltning och administration.\u00a0<\/p><h6><b>13. Firmateckning<\/b><\/h6><p>Stiftelsens namn och firma tecknas av stiftarna Bietelhem Dawit Isaak och Esaias Isaak\u00a0<\/p><h6><b>14. Revision<\/b><\/h6><p>Stiftelsens r\u00e4kenskaper och f\u00f6rvaltning ska granskas av en utsedd auktoriserad revisor. Denne ska under f\u00f6rsta \u00e5ret av stiftelsens verksamhets\u00e5r utses av stiftarna. \u00d6vriga \u00e5r ska en auktoriserad revisor utses av styrelsens ledam\u00f6ter.<\/p><p>R\u00e4kenskaperna och styrelsens f\u00f6rvaltningsber\u00e4ttelse f\u00f6r det g\u00e5nga r\u00e4kenskaps\u00e5ret ska inom tv\u00e5 m\u00e5nader fr\u00e5n r\u00e4kenskaps\u00e5rets utg\u00e5ng \u00f6verl\u00e4mnas till revisorerna, och som inom en m\u00e5nad ska avge revisionsber\u00e4ttelse till styrelsen.<\/p><p>Frejs Revisorer AB (556564-6451) v\u00e4ljs till revisorer med Johan Frej\u00a0 som huvudansvarig revisor.<\/p><h6><b>15. Tillsyn<\/b><\/h6><p>Stiftelsen ska st\u00e5 under tillsyn enligt g\u00e4llande lag om stiftelser<\/p><h6><b>16. \u00c4ndring av best\u00e4mmelser<\/b><\/h6><p>\u00a0Styrelsen f\u00e5r utan tillst\u00e5nd av myndighet \u00e4ndra, upph\u00e4va eller \u00e5sidos\u00e4tta best\u00e4mmelserna i dessa stadgar som ang\u00e5r annan fr\u00e5ga \u00e4n stiftelsens \u00e4ndam\u00e5l i \u00a72.<\/p><h6><b>17. Uppl\u00f6sning<\/b><\/h6><p>Om stiftelsen av n\u00e5gon anledning ska upph\u00f6ra, ska stiftelsens eventuella skulder betalas och d\u00e4refter ska resterande tillg\u00e5ngar utdelas i enlighet med \u00e4ndam\u00e5let.<\/p>\t\t\t\t\t\t\t\t<\/div>\n\t\t\t\t<\/div>\n\t\t\t\t\t<\/div>\n\t\t\t\t<\/div>\n\t\t<footer class=\"elementor-element elementor-element-472c0ae1 footer e-flex e-con-boxed e-con e-parent\" data-id=\"472c0ae1\" data-element_type=\"container\" id=\"footer\" data-settings=\"{&quot;background_background&quot;:&quot;classic&quot;}\">\n\t\t\t\t\t<div class=\"e-con-inner\">\n\t\t<div class=\"elementor-element elementor-element-46620b46 e-con-full e-flex e-con e-child\" data-id=\"46620b46\" data-element_type=\"container\">\n\t\t<div class=\"elementor-element elementor-element-6e15cd9b e-con-full e-flex e-con e-child\" data-id=\"6e15cd9b\" data-element_type=\"container\">\n\t\t\t\t<div class=\"elementor-element elementor-element-59e8fe7 elementor-widget elementor-widget-heading\" data-id=\"59e8fe7\" data-element_type=\"widget\" data-widget_type=\"heading.default\">\n\t\t\t\t<div class=\"elementor-widget-container\">\n\t\t\t\t\t<h5 class=\"elementor-heading-title elementor-size-default\">Kontakt<\/h5>\t\t\t\t<\/div>\n\t\t\t\t<\/div>\n\t\t\t\t<div class=\"elementor-element elementor-element-11d4512 footer-link elementor-widget elementor-widget-heading\" data-id=\"11d4512\" data-element_type=\"widget\" data-widget_type=\"heading.default\">\n\t\t\t\t<div class=\"elementor-widget-container\">\n\t\t\t\t\t<h6 class=\"elementor-heading-title elementor-size-default\"><a href=\"mailto:esayasisak@hotmail.com\" target=\"_blank\">Kontakt<\/a><\/h6>\t\t\t\t<\/div>\n\t\t\t\t<\/div>\n\t\t\t\t<\/div>\n\t\t<div class=\"elementor-element elementor-element-59c6f01d e-con-full e-flex e-con e-child\" data-id=\"59c6f01d\" data-element_type=\"container\">\n\t\t\t\t<div class=\"elementor-element elementor-element-56b912ac elementor-widget elementor-widget-heading\" data-id=\"56b912ac\" data-element_type=\"widget\" data-widget_type=\"heading.default\">\n\t\t\t\t<div class=\"elementor-widget-container\">\n\t\t\t\t\t<h5 class=\"elementor-heading-title elementor-size-default\">Information<\/h5>\t\t\t\t<\/div>\n\t\t\t\t<\/div>\n\t\t\t\t<div class=\"elementor-element elementor-element-7064c337 footer-link elementor-widget elementor-widget-heading\" data-id=\"7064c337\" data-element_type=\"widget\" data-widget_type=\"heading.default\">\n\t\t\t\t<div class=\"elementor-widget-container\">\n\t\t\t\t\t<h6 class=\"elementor-heading-title elementor-size-default\"><a href=\"https:\/\/isaakisaak.com\/index.php\/privacy-policy\/\" target=\"_blank\">Integritetspolicy<\/a><\/h6>\t\t\t\t<\/div>\n\t\t\t\t<\/div>\n\t\t\t\t<div class=\"elementor-element elementor-element-133754d4 footer-link elementor-widget elementor-widget-heading\" data-id=\"133754d4\" data-element_type=\"widget\" data-widget_type=\"heading.default\">\n\t\t\t\t<div class=\"elementor-widget-container\">\n\t\t\t\t\t<h6 class=\"elementor-heading-title elementor-size-default\"><a href=\"https:\/\/isaakisaak.com\/index.php\/verksamhetsberattelse\/\" target=\"_blank\">Stadgar<\/a><\/h6>\t\t\t\t<\/div>\n\t\t\t\t<\/div>\n\t\t\t\t<\/div>\n\t\t<div class=\"elementor-element elementor-element-54e9826b e-con-full e-flex e-con e-child\" data-id=\"54e9826b\" data-element_type=\"container\">\n\t\t\t\t<div class=\"elementor-element elementor-element-681da8f0 elementor-widget elementor-widget-heading\" data-id=\"681da8f0\" data-element_type=\"widget\" data-widget_type=\"heading.default\">\n\t\t\t\t<div class=\"elementor-widget-container\">\n\t\t\t\t\t<h5 class=\"elementor-heading-title elementor-size-default\">Sociala medier<\/h5>\t\t\t\t<\/div>\n\t\t\t\t<\/div>\n\t\t\t\t<div class=\"elementor-element elementor-element-12376f3d footer-link elementor-widget elementor-widget-heading\" data-id=\"12376f3d\" data-element_type=\"widget\" data-widget_type=\"heading.default\">\n\t\t\t\t<div class=\"elementor-widget-container\">\n\t\t\t\t\t<h6 class=\"elementor-heading-title elementor-size-default\"><a href=\"https:\/\/www.instagram.com\/isaakochisaak?utm_source=ig_web_button_share_sheet&#038;igsh=ZDNlZDc0MzIxNw==\" target=\"_blank\">Instagram<\/a><\/h6>\t\t\t\t<\/div>\n\t\t\t\t<\/div>\n\t\t\t\t<\/div>\n\t\t<div class=\"elementor-element elementor-element-6e947f79 e-con-full e-flex e-con e-child\" data-id=\"6e947f79\" data-element_type=\"container\">\n\t\t\t\t<div class=\"elementor-element elementor-element-39f760b3 elementor-widget elementor-widget-heading\" data-id=\"39f760b3\" data-element_type=\"widget\" data-widget_type=\"heading.default\">\n\t\t\t\t<div class=\"elementor-widget-container\">\n\t\t\t\t\t<h5 class=\"elementor-heading-title elementor-size-default\">Swishnummer<\/h5>\t\t\t\t<\/div>\n\t\t\t\t<\/div>\n\t\t\t\t<div class=\"elementor-element elementor-element-3c6f6c74 footer-link elementor-widget elementor-widget-heading\" data-id=\"3c6f6c74\" data-element_type=\"widget\" data-widget_type=\"heading.default\">\n\t\t\t\t<div class=\"elementor-widget-container\">\n\t\t\t\t\t<h6 class=\"elementor-heading-title elementor-size-default\">123 119 3002<\/h6>\t\t\t\t<\/div>\n\t\t\t\t<\/div>\n\t\t\t\t<\/div>\n\t\t\t\t<\/div>\n\t\t<div class=\"elementor-element elementor-element-4082ef65 e-con-full e-flex e-con e-child\" data-id=\"4082ef65\" data-element_type=\"container\">\n\t\t\t\t<div class=\"elementor-element elementor-element-1a9c2583 elementor-widget elementor-widget-image\" data-id=\"1a9c2583\" data-element_type=\"widget\" data-widget_type=\"image.default\">\n\t\t\t\t<div class=\"elementor-widget-container\">\n\t\t\t\t\t\t\t\t\t\t\t\t\t\t\t<img fetchpriority=\"high\" decoding=\"async\" width=\"700\" height=\"97\" src=\"https:\/\/isaakisaak.com\/wp-content\/uploads\/2025\/05\/logotype_secondary.png\" class=\"attachment-full size-full wp-image-187\" alt=\"\" srcset=\"https:\/\/isaakisaak.com\/wp-content\/uploads\/2025\/05\/logotype_secondary.png 700w, https:\/\/isaakisaak.com\/wp-content\/uploads\/2025\/05\/logotype_secondary-300x42.png 300w\" sizes=\"(max-width: 700px) 100vw, 700px\" \/>\t\t\t\t\t\t\t\t\t\t\t\t\t\t\t<\/div>\n\t\t\t\t<\/div>\n\t\t\t\t<\/div>\n\t\t\t\t\t<\/div>\n\t\t\t\t<\/footer>\n\t\t\t\t<\/div>\n\t\t","protected":false},"excerpt":{"rendered":"<p>Stadgar 1. Namn och Firma \u00a0\u00a0\u00a0\u00a0\u00a0Stiftelsens namn och firma \u00e4r Isaak &amp; Isaak Insamlingsstiftelse 2. \u00c4ndam\u00e5l\u00a0\u00a0 Stiftelsens \u00e4ndam\u00e5l \u00e4r st\u00f6dja de svenska medborgare vars anh\u00f6riga fallit offer f\u00f6r auktorit\u00e4ra regimers bristande respekt f\u00f6r de m\u00e4nskliga fri och r\u00e4ttigheterna igenom kidnappning, f\u00e4ngslande utan dom eller r\u00e4tteg\u00e5ng och\/eller f\u00f6rsvinnande.\u00a0 I f\u00f6rsta hand ska Stiftelsen bidra till ekonomisk [&hellip;]<\/p>\n","protected":false},"author":1,"featured_media":0,"parent":0,"menu_order":0,"comment_status":"closed","ping_status":"closed","template":"","meta":{"footnotes":""},"class_list":["post-1521","page","type-page","status-publish","hentry"],"_links":{"self":[{"href":"https:\/\/isaakisaak.com\/index.php\/wp-json\/wp\/v2\/pages\/1521","targetHints":{"allow":["GET"]}}],"collection":[{"href":"https:\/\/isaakisaak.com\/index.php\/wp-json\/wp\/v2\/pages"}],"about":[{"href":"https:\/\/isaakisaak.com\/index.php\/wp-json\/wp\/v2\/types\/page"}],"author":[{"embeddable":true,"href":"https:\/\/isaakisaak.com\/index.php\/wp-json\/wp\/v2\/users\/1"}],"replies":[{"embeddable":true,"href":"https:\/\/isaakisaak.com\/index.php\/wp-json\/wp\/v2\/comments?post=1521"}],"version-history":[{"count":41,"href":"https:\/\/isaakisaak.com\/index.php\/wp-json\/wp\/v2\/pages\/1521\/revisions"}],"predecessor-version":[{"id":1684,"href":"https:\/\/isaakisaak.com\/index.php\/wp-json\/wp\/v2\/pages\/1521\/revisions\/1684"}],"wp:attachment":[{"href":"https:\/\/isaakisaak.com\/index.php\/wp-json\/wp\/v2\/media?parent=1521"}],"curies":[{"name":"wp","href":"https:\/\/api.w.org\/{rel}","templated":true}]}}