{"id":3,"date":"2025-01-15T22:14:12","date_gmt":"2025-01-15T22:14:12","guid":{"rendered":"https:\/\/isaakisaak.com\/?page_id=3"},"modified":"2025-11-02T18:04:29","modified_gmt":"2025-11-02T18:04:29","slug":"privacy-policy","status":"publish","type":"page","link":"https:\/\/isaakisaak.com\/index.php\/privacy-policy\/","title":{"rendered":"Integritetspolicy"},"content":{"rendered":"\t\t<div data-elementor-type=\"wp-page\" data-elementor-id=\"3\" class=\"elementor elementor-3\" data-elementor-post-type=\"page\">\n\t\t\t\t<div class=\"elementor-element elementor-element-2b9d7c4a e-flex e-con-boxed e-con e-parent\" data-id=\"2b9d7c4a\" data-element_type=\"container\" data-settings=\"{&quot;background_background&quot;:&quot;classic&quot;}\">\n\t\t\t\t\t<div class=\"e-con-inner\">\n\t\t\t\t<div class=\"elementor-element elementor-element-2368239 elementor-widget elementor-widget-heading\" data-id=\"2368239\" data-element_type=\"widget\" data-widget_type=\"heading.default\">\n\t\t\t\t<div class=\"elementor-widget-container\">\n\t\t\t\t\t<h2 class=\"elementor-heading-title elementor-size-default\">Integritetspolicy<\/h2>\t\t\t\t<\/div>\n\t\t\t\t<\/div>\n\t\t\t\t<div class=\"elementor-element elementor-element-39cf5c8 elementor-widget elementor-widget-text-editor\" data-id=\"39cf5c8\" data-element_type=\"widget\" data-widget_type=\"text-editor.default\">\n\t\t\t\t<div class=\"elementor-widget-container\">\n\t\t\t\t\t\t\t\t\t<h6 data-start=\"231\" data-end=\"244\"><strong data-start=\"231\" data-end=\"244\">Vem vi \u00e4r<\/strong><\/h6><p data-start=\"246\" data-end=\"319\">V\u00e5r webbplatsadress \u00e4r: <a class=\"\" href=\"https:\/\/isaakisaak.com\" target=\"_new\" rel=\"noopener\" data-start=\"270\" data-end=\"318\">https:\/\/isaakisaak.com<\/a>.<\/p><p data-start=\"246\" data-end=\"319\"><strong data-start=\"393\" data-end=\"412\">Datakontroller:<\/strong> Vi, IsaakIsaak Stiftelsen, \u00e4r den enhet som ansvarar f\u00f6r behandlingen av dina personuppgifter p\u00e5 denna webbplats.<\/p><p data-start=\"321\" data-end=\"469\">F\u00f6r fr\u00e5gor r\u00f6rande v\u00e5r integritetspolicy eller hur vi behandlar dina personuppgifter, v\u00e4nligen kontakta oss p\u00e5:<br data-start=\"432\" data-end=\"435\" \/><strong data-start=\"435\" data-end=\"446\">E-post:<\/strong> <a class=\"cursor-pointer\" rel=\"noopener\" data-start=\"447\" data-end=\"469\">kontakt@isaakisaak.com<\/a><\/p><h4 data-start=\"476\" data-end=\"495\">\u00a0<\/h4><h4 data-start=\"720\" data-end=\"793\"><strong data-start=\"724\" data-end=\"793\">Vilka personuppgifter vi samlar in och varf\u00f6r vi samlar in dem<\/strong><\/h4><p data-start=\"795\" data-end=\"1056\">Vi samlar in och behandlar personuppgifter i syfte att f\u00f6rb\u00e4ttra anv\u00e4ndarupplevelsen p\u00e5 v\u00e5r webbplats, f\u00f6r att f\u00f6lja lagstadgade krav samt f\u00f6r att administrera v\u00e5ra tj\u00e4nster. H\u00e4r nedan beskriver vi de typer av personuppgifter vi samlar in och varf\u00f6r vi g\u00f6r det.<\/p><h6 data-start=\"1058\" data-end=\"1078\"><strong data-start=\"1063\" data-end=\"1078\">Kommentarer<\/strong><\/h6><p data-start=\"1080\" data-end=\"1276\">N\u00e4r du l\u00e4mnar kommentarer p\u00e5 v\u00e5r webbplats samlar vi in de uppgifter som visas i kommentarsformul\u00e4ret, samt din IP-adress och webbl\u00e4sarens anv\u00e4ndaragent f\u00f6r att hj\u00e4lpa till att uppt\u00e4cka skr\u00e4ppost.<\/p><p data-start=\"1278\" data-end=\"1631\"><strong data-start=\"1278\" data-end=\"1291\">Gravatar:<\/strong> En anonym str\u00e4ng som skapats fr\u00e5n din e-postadress (s\u00e5 kallad hash) kan skickas till Gravatar-tj\u00e4nsten f\u00f6r att kontrollera om du anv\u00e4nder den. Gravatars sekretesspolicy finns h\u00e4r: <a class=\"\" href=\"https:\/\/automattic.com\/privacy\/\" target=\"_new\" rel=\"noopener\" data-start=\"1472\" data-end=\"1538\">https:\/\/automattic.com\/privacy\/<\/a>. N\u00e4r din kommentar har godk\u00e4nts kommer din profilbild att visas i samband med din kommentar.<\/p><h6 data-start=\"1633\" data-end=\"1647\"><strong data-start=\"1638\" data-end=\"1647\">Media<\/strong><\/h6><p data-start=\"1649\" data-end=\"1866\">Om du laddar upp bilder till webbplatsen, b\u00f6r du undvika att ladda upp bilder som inneh\u00e5ller inb\u00e4ddad platsdata (EXIF GPS). Bes\u00f6kare p\u00e5 webbplatsen kan ladda ner och extrahera all platsdata fr\u00e5n bilder p\u00e5 webbplatsen.<\/p><h6 data-start=\"1868\" data-end=\"1884\"><strong data-start=\"1873\" data-end=\"1884\">Cookies<\/strong><\/h6><p data-start=\"1886\" data-end=\"2166\">N\u00e4r du l\u00e4mnar en kommentar p\u00e5 v\u00e5r webbplats kan du v\u00e4lja att spara ditt namn, din e-postadress och din webbplats i cookies. Detta g\u00f6rs f\u00f6r din bekv\u00e4mlighet, s\u00e5 att du inte beh\u00f6ver fylla i dina uppgifter igen n\u00e4r du l\u00e4mnar en ny kommentar. Dessa cookies kommer att sparas i ett \u00e5r.<\/p><p data-start=\"2168\" data-end=\"2383\">Om du bes\u00f6ker v\u00e5r inloggningssida s\u00e4tter vi en tillf\u00e4llig cookie f\u00f6r att kontrollera om din webbl\u00e4sare accepterar cookies. Denna cookie inneh\u00e5ller ingen personlig information och tas bort n\u00e4r du st\u00e4nger webbl\u00e4saren.<\/p><p data-start=\"2385\" data-end=\"2704\">N\u00e4r du loggar in kommer vi ocks\u00e5 att s\u00e4tta flera cookies f\u00f6r att spara din inloggningsinformation och dina sk\u00e4rmval. Inloggningscookies varar i tv\u00e5 dagar, och sk\u00e4rminst\u00e4llningscookies varar i ett \u00e5r. Om du v\u00e4ljer &#8221;Kom ih\u00e5g mig&#8221; kommer din inloggning att sparas i tv\u00e5 veckor. Om du loggar ut tas inloggningscookies bort.<\/p><p data-start=\"2706\" data-end=\"2941\">Om du redigerar eller publicerar en artikel sparas ytterligare en cookie i din webbl\u00e4sare. Denna cookie inneh\u00e5ller ingen personlig information, utan anger endast ID f\u00f6r den artikel du just redigerat. Denna cookie l\u00f6per ut efter en dag.<\/p><h6 data-start=\"2943\" data-end=\"2992\"><strong data-start=\"2948\" data-end=\"2992\">Inb\u00e4ddat inneh\u00e5ll fr\u00e5n andra webbplatser<\/strong><\/h6><p data-start=\"2994\" data-end=\"3213\">Artiklar p\u00e5 denna webbplats kan inneh\u00e5lla inb\u00e4ddat inneh\u00e5ll (t.ex. videor, bilder, artiklar etc.). Inb\u00e4ddat inneh\u00e5ll fr\u00e5n andra webbplatser fungerar p\u00e5 exakt samma s\u00e4tt som om bes\u00f6karen har bes\u00f6kt den andra webbplatsen.<\/p><p data-start=\"3215\" data-end=\"3503\">Dessa externa webbplatser kan samla in data om dig, anv\u00e4nda cookies, infoga ytterligare tredjeparts sp\u00e5rning och \u00f6vervaka din interaktion med det inb\u00e4ddade inneh\u00e5llet, inklusive att sp\u00e5ra din interaktion med det inb\u00e4ddade inneh\u00e5llet om du har ett konto och \u00e4r inloggad p\u00e5 den webbplatsen.<\/p><h6 data-start=\"3510\" data-end=\"3547\"><strong data-start=\"3514\" data-end=\"3547\">Vem vi delar dina data med<\/strong><\/h6><p data-start=\"3549\" data-end=\"3862\">Om du beg\u00e4r en \u00e5terst\u00e4llning av ditt l\u00f6senord kommer din IP-adress att inkluderas i \u00e5terst\u00e4llningsmejlet. Vi delar inte dina personuppgifter med tredje part, f\u00f6rutom d\u00e4r det \u00e4r n\u00f6dv\u00e4ndigt f\u00f6r att tillhandah\u00e5lla v\u00e5ra tj\u00e4nster eller om det kr\u00e4vs enligt lag, r\u00e4ttsliga \u00e5tg\u00e4rder eller f\u00f6r att skydda v\u00e5ra r\u00e4ttigheter.<\/p><h3 data-start=\"3869\" data-end=\"3911\">\u00a0<\/h3><h6 data-start=\"3869\" data-end=\"3911\"><strong data-start=\"3873\" data-end=\"3911\">Hur l\u00e4nge vi beh\u00e5ller dina data<\/strong><\/h6><p data-start=\"3913\" data-end=\"4155\">Om du l\u00e4mnar en kommentar kommer kommentaren och dess metadata att sparas p\u00e5 obest\u00e4md tid. Detta g\u00f6r det m\u00f6jligt f\u00f6r oss att k\u00e4nna igen och automatiskt godk\u00e4nna eventuella uppf\u00f6ljningskommentarer ist\u00e4llet f\u00f6r att h\u00e5lla dem i en modereringsk\u00f6.<\/p><p data-start=\"4157\" data-end=\"4516\">F\u00f6r anv\u00e4ndare som registrerar sig p\u00e5 v\u00e5r webbplats (om n\u00e5gra), lagrar vi ocks\u00e5 den personliga information som de anger i deras anv\u00e4ndarprofil. Alla anv\u00e4ndare kan se, redigera eller ta bort sin personliga information n\u00e4r som helst (med undantag f\u00f6r anv\u00e4ndarnamnet, som inte kan \u00e4ndras). Webbplatsens administrat\u00f6rer kan ocks\u00e5 se och redigera denna information.<\/p><h6 data-start=\"4157\" data-end=\"4516\">\u00a0<\/h6><h6 data-start=\"4523\" data-end=\"4573\"><strong data-start=\"4527\" data-end=\"4573\">Vilka r\u00e4ttigheter du har \u00f6ver dina data<\/strong><\/h6><p data-start=\"4575\" data-end=\"4800\">Enligt GDPR har du r\u00e4tt att f\u00e5 tillg\u00e5ng till, r\u00e4tta eller beg\u00e4ra att vi raderar de personuppgifter vi har om dig. Du kan ocks\u00e5 beg\u00e4ra att vi \u00f6verf\u00f6r dina uppgifter till en annan tj\u00e4nsteleverant\u00f6r. F\u00f6ljande r\u00e4ttigheter g\u00e4ller:<\/p><ul data-start=\"4802\" data-end=\"5455\"><li data-start=\"4802\" data-end=\"4900\"><p data-start=\"4804\" data-end=\"4900\"><strong data-start=\"4804\" data-end=\"4833\">R\u00e4tt att beg\u00e4ra tillg\u00e5ng:<\/strong> Du kan beg\u00e4ra att f\u00e5 en kopia av de personuppgifter vi har om dig.<\/p><\/li><li data-start=\"4901\" data-end=\"4997\"><p data-start=\"4903\" data-end=\"4997\"><strong data-start=\"4903\" data-end=\"4922\">R\u00e4tt att r\u00e4tta:<\/strong> Du har r\u00e4tt att beg\u00e4ra att felaktiga eller ofullst\u00e4ndiga uppgifter r\u00e4ttas.<\/p><\/li><li data-start=\"4998\" data-end=\"5141\"><p data-start=\"5000\" data-end=\"5141\"><strong data-start=\"5000\" data-end=\"5020\">R\u00e4tt att radera:<\/strong> Du har r\u00e4tt att beg\u00e4ra att dina personuppgifter raderas, om vi inte l\u00e4ngre beh\u00f6ver dem f\u00f6r de syften de samlades in f\u00f6r.<\/p><\/li><li data-start=\"5142\" data-end=\"5316\"><p data-start=\"5144\" data-end=\"5316\"><strong data-start=\"5144\" data-end=\"5165\">R\u00e4tt att inv\u00e4nda:<\/strong> Du har r\u00e4tt att inv\u00e4nda mot behandling av dina personuppgifter baserat p\u00e5 v\u00e5rt ber\u00e4ttigade intresse, t.ex. f\u00f6r marknadsf\u00f6ring eller analytiska syften.<\/p><\/li><li data-start=\"5317\" data-end=\"5455\"><p data-start=\"5319\" data-end=\"5455\"><strong data-start=\"5319\" data-end=\"5359\">R\u00e4tt till begr\u00e4nsning av behandling:<\/strong> Du kan beg\u00e4ra att vi begr\u00e4nsar behandlingen av dina personuppgifter under vissa omst\u00e4ndigheter.<\/p><\/li><\/ul><p data-start=\"5457\" data-end=\"5553\">Om du \u00f6nskar ut\u00f6va n\u00e5gon av dessa r\u00e4ttigheter, v\u00e4nligen kontakta oss p\u00e5: <a class=\"cursor-pointer\" rel=\"noopener\" data-start=\"5530\" data-end=\"5552\">kontakt@isaakisaak.com<\/a>.<\/p><h6 data-start=\"5560\" data-end=\"5592\"><strong data-start=\"5564\" data-end=\"5592\">Var dina data skickas<\/strong><\/h6><p data-start=\"5594\" data-end=\"5870\">Kommentarer fr\u00e5n bes\u00f6kare kan komma att kontrolleras genom en automatiserad tj\u00e4nst f\u00f6r att uppt\u00e4cka skr\u00e4ppost. Vi \u00f6verf\u00f6r inte dina personuppgifter till tredjepartsleverant\u00f6rer utanf\u00f6r EU\/EES utan att vidta l\u00e4mpliga skydds\u00e5tg\u00e4rder f\u00f6r att skydda dina r\u00e4ttigheter och friheter.<\/p><p data-start=\"5872\" data-end=\"6085\">Om din data \u00f6verf\u00f6rs till tredjepartsleverant\u00f6rer som inte \u00e4r baserade i EU\/EES, ser vi till att det finns l\u00e4mpliga skydds\u00e5tg\u00e4rder p\u00e5 plats, till exempel genom att anv\u00e4nda EU-kommissionens standardavtalsklausuler.<\/p><h6 data-start=\"6092\" data-end=\"6145\"><strong data-start=\"6096\" data-end=\"6145\">S\u00e4kerhet och skydd av dina personuppgifter<\/strong><\/h6><p data-start=\"6147\" data-end=\"6396\">Vi vidtar l\u00e4mpliga tekniska och organisatoriska \u00e5tg\u00e4rder f\u00f6r att skydda dina personuppgifter mot obeh\u00f6rig \u00e5tkomst, f\u00f6rlust eller f\u00f6r\u00e4ndring. Vi anv\u00e4nder s\u00e4ker kommunikation (SSL-kryptering) f\u00f6r att skydda din data n\u00e4r den \u00f6verf\u00f6rs via v\u00e5r webbplats.<\/p><h6 data-start=\"6403\" data-end=\"6450\"><strong data-start=\"6407\" data-end=\"6450\">\u00c4ndringar av denna integritetspolicy<\/strong><\/h6><p data-start=\"6452\" data-end=\"6667\">Vi kan komma att uppdatera denna integritetspolicy vid behov, exempelvis f\u00f6r att anpassa oss till nya lagkrav eller f\u00f6r\u00e4ndringar i v\u00e5r verksamhet. Den senaste versionen av policyn publiceras alltid p\u00e5 v\u00e5r webbplats.<\/p><p data-start=\"6452\" data-end=\"6667\">Denna integritetspolicy syftar till att informera anv\u00e4ndarna om hur vi samlar in, anv\u00e4nder och skyddar deras personuppgifter. Vi \u00e4r engagerade i att s\u00e4kerst\u00e4lla att dina r\u00e4ttigheter respekteras och att din integritet \u00e4r skyddad.<\/p>\t\t\t\t\t\t\t\t<\/div>\n\t\t\t\t<\/div>\n\t\t\t\t\t<\/div>\n\t\t\t\t<\/div>\n\t\t<footer class=\"elementor-element elementor-element-5d264b57 footer e-flex e-con-boxed e-con e-parent\" data-id=\"5d264b57\" data-element_type=\"container\" id=\"footer\" data-settings=\"{&quot;background_background&quot;:&quot;classic&quot;}\">\n\t\t\t\t\t<div class=\"e-con-inner\">\n\t\t<div class=\"elementor-element elementor-element-25842708 e-con-full e-flex e-con e-child\" data-id=\"25842708\" data-element_type=\"container\">\n\t\t<div class=\"elementor-element elementor-element-1ecdbba1 e-con-full e-flex e-con e-child\" data-id=\"1ecdbba1\" data-element_type=\"container\">\n\t\t\t\t<div class=\"elementor-element elementor-element-d1216a elementor-widget elementor-widget-heading\" data-id=\"d1216a\" data-element_type=\"widget\" data-widget_type=\"heading.default\">\n\t\t\t\t<div class=\"elementor-widget-container\">\n\t\t\t\t\t<h5 class=\"elementor-heading-title elementor-size-default\">Kontakt<\/h5>\t\t\t\t<\/div>\n\t\t\t\t<\/div>\n\t\t\t\t<div class=\"elementor-element elementor-element-2055e826 footer-link elementor-widget elementor-widget-heading\" data-id=\"2055e826\" data-element_type=\"widget\" data-widget_type=\"heading.default\">\n\t\t\t\t<div class=\"elementor-widget-container\">\n\t\t\t\t\t<h6 class=\"elementor-heading-title elementor-size-default\"><a href=\"mailto:esayasisak@hotmail.com\" target=\"_blank\">Kontakt&gt;&gt;<\/a><\/h6>\t\t\t\t<\/div>\n\t\t\t\t<\/div>\n\t\t\t\t<\/div>\n\t\t<div class=\"elementor-element elementor-element-4e55446f e-con-full e-flex e-con e-child\" data-id=\"4e55446f\" data-element_type=\"container\">\n\t\t\t\t<div class=\"elementor-element elementor-element-186c5f81 elementor-widget elementor-widget-heading\" data-id=\"186c5f81\" data-element_type=\"widget\" data-widget_type=\"heading.default\">\n\t\t\t\t<div class=\"elementor-widget-container\">\n\t\t\t\t\t<h5 class=\"elementor-heading-title elementor-size-default\">Information<\/h5>\t\t\t\t<\/div>\n\t\t\t\t<\/div>\n\t\t\t\t<div class=\"elementor-element elementor-element-29a8d1eb footer-link elementor-widget elementor-widget-heading\" data-id=\"29a8d1eb\" data-element_type=\"widget\" data-widget_type=\"heading.default\">\n\t\t\t\t<div class=\"elementor-widget-container\">\n\t\t\t\t\t<h6 class=\"elementor-heading-title elementor-size-default\"><a href=\"https:\/\/isaakisaak.com\/index.php\/privacy-policy\/\" target=\"_blank\">Integritetspolicy<\/a><\/h6>\t\t\t\t<\/div>\n\t\t\t\t<\/div>\n\t\t\t\t<div class=\"elementor-element elementor-element-1f1c691c footer-link elementor-widget elementor-widget-heading\" data-id=\"1f1c691c\" data-element_type=\"widget\" data-widget_type=\"heading.default\">\n\t\t\t\t<div class=\"elementor-widget-container\">\n\t\t\t\t\t<h6 class=\"elementor-heading-title elementor-size-default\"><a href=\"https:\/\/isaakisaak.com\/index.php\/verksamhetsberattelse\/\" target=\"_blank\">Stadgar<\/a><\/h6>\t\t\t\t<\/div>\n\t\t\t\t<\/div>\n\t\t\t\t<\/div>\n\t\t<div class=\"elementor-element elementor-element-33cf0255 e-con-full e-flex e-con e-child\" data-id=\"33cf0255\" data-element_type=\"container\">\n\t\t\t\t<div class=\"elementor-element elementor-element-78fce4a9 elementor-widget elementor-widget-heading\" data-id=\"78fce4a9\" data-element_type=\"widget\" data-widget_type=\"heading.default\">\n\t\t\t\t<div class=\"elementor-widget-container\">\n\t\t\t\t\t<h5 class=\"elementor-heading-title elementor-size-default\">Sociala medier<\/h5>\t\t\t\t<\/div>\n\t\t\t\t<\/div>\n\t\t\t\t<div class=\"elementor-element elementor-element-623ef3c5 footer-link elementor-widget elementor-widget-heading\" data-id=\"623ef3c5\" data-element_type=\"widget\" data-widget_type=\"heading.default\">\n\t\t\t\t<div class=\"elementor-widget-container\">\n\t\t\t\t\t<h6 class=\"elementor-heading-title elementor-size-default\"><a href=\"https:\/\/www.instagram.com\/isaakochisaak?utm_source=ig_web_button_share_sheet&#038;igsh=ZDNlZDc0MzIxNw==\" target=\"_blank\">Instagram<\/a><\/h6>\t\t\t\t<\/div>\n\t\t\t\t<\/div>\n\t\t\t\t<\/div>\n\t\t<div class=\"elementor-element elementor-element-42c393e0 e-con-full e-flex e-con e-child\" data-id=\"42c393e0\" data-element_type=\"container\">\n\t\t\t\t<div class=\"elementor-element elementor-element-5aa92017 elementor-widget elementor-widget-heading\" data-id=\"5aa92017\" data-element_type=\"widget\" data-widget_type=\"heading.default\">\n\t\t\t\t<div class=\"elementor-widget-container\">\n\t\t\t\t\t<h5 class=\"elementor-heading-title elementor-size-default\">Swishnummer<\/h5>\t\t\t\t<\/div>\n\t\t\t\t<\/div>\n\t\t\t\t<div class=\"elementor-element elementor-element-6a7df400 footer-link elementor-widget elementor-widget-heading\" data-id=\"6a7df400\" data-element_type=\"widget\" data-widget_type=\"heading.default\">\n\t\t\t\t<div class=\"elementor-widget-container\">\n\t\t\t\t\t<h6 class=\"elementor-heading-title elementor-size-default\">123 119 3002<\/h6>\t\t\t\t<\/div>\n\t\t\t\t<\/div>\n\t\t\t\t<\/div>\n\t\t\t\t<\/div>\n\t\t<div class=\"elementor-element elementor-element-6cd08479 e-con-full e-flex e-con e-child\" data-id=\"6cd08479\" data-element_type=\"container\">\n\t\t\t\t<div class=\"elementor-element elementor-element-575e6a79 elementor-widget elementor-widget-image\" data-id=\"575e6a79\" data-element_type=\"widget\" data-widget_type=\"image.default\">\n\t\t\t\t<div class=\"elementor-widget-container\">\n\t\t\t\t\t\t\t\t\t\t\t\t\t\t\t<img fetchpriority=\"high\" decoding=\"async\" width=\"700\" height=\"97\" src=\"https:\/\/isaakisaak.com\/wp-content\/uploads\/2025\/05\/logotype_secondary.png\" class=\"attachment-full size-full wp-image-187\" alt=\"\" srcset=\"https:\/\/isaakisaak.com\/wp-content\/uploads\/2025\/05\/logotype_secondary.png 700w, https:\/\/isaakisaak.com\/wp-content\/uploads\/2025\/05\/logotype_secondary-300x42.png 300w\" sizes=\"(max-width: 700px) 100vw, 700px\" \/>\t\t\t\t\t\t\t\t\t\t\t\t\t\t\t<\/div>\n\t\t\t\t<\/div>\n\t\t\t\t<\/div>\n\t\t\t\t\t<\/div>\n\t\t\t\t<\/footer>\n\t\t\t\t<\/div>\n\t\t","protected":false},"excerpt":{"rendered":"<p>Integritetspolicy Vem vi \u00e4r V\u00e5r webbplatsadress \u00e4r: https:\/\/isaakisaak.com. Datakontroller: Vi, IsaakIsaak Stiftelsen, \u00e4r den enhet som ansvarar f\u00f6r behandlingen av dina personuppgifter p\u00e5 denna webbplats. F\u00f6r fr\u00e5gor r\u00f6rande v\u00e5r integritetspolicy eller hur vi behandlar dina personuppgifter, v\u00e4nligen kontakta oss p\u00e5:E-post: kontakt@isaakisaak.com \u00a0 Vilka personuppgifter vi samlar in och varf\u00f6r vi samlar in dem Vi samlar [&hellip;]<\/p>\n","protected":false},"author":1,"featured_media":0,"parent":0,"menu_order":0,"comment_status":"closed","ping_status":"open","template":"","meta":{"footnotes":""},"class_list":["post-3","page","type-page","status-publish","hentry"],"_links":{"self":[{"href":"https:\/\/isaakisaak.com\/index.php\/wp-json\/wp\/v2\/pages\/3","targetHints":{"allow":["GET"]}}],"collection":[{"href":"https:\/\/isaakisaak.com\/index.php\/wp-json\/wp\/v2\/pages"}],"about":[{"href":"https:\/\/isaakisaak.com\/index.php\/wp-json\/wp\/v2\/types\/page"}],"author":[{"embeddable":true,"href":"https:\/\/isaakisaak.com\/index.php\/wp-json\/wp\/v2\/users\/1"}],"replies":[{"embeddable":true,"href":"https:\/\/isaakisaak.com\/index.php\/wp-json\/wp\/v2\/comments?post=3"}],"version-history":[{"count":46,"href":"https:\/\/isaakisaak.com\/index.php\/wp-json\/wp\/v2\/pages\/3\/revisions"}],"predecessor-version":[{"id":1687,"href":"https:\/\/isaakisaak.com\/index.php\/wp-json\/wp\/v2\/pages\/3\/revisions\/1687"}],"wp:attachment":[{"href":"https:\/\/isaakisaak.com\/index.php\/wp-json\/wp\/v2\/media?parent=3"}],"curies":[{"name":"wp","href":"https:\/\/api.w.org\/{rel}","templated":true}]}}